{"id":2024,"date":"2024-08-12T22:31:16","date_gmt":"2024-08-12T22:31:16","guid":{"rendered":"https:\/\/dev.coolbambu.com\/?page_id=2024"},"modified":"2024-09-25T21:11:52","modified_gmt":"2024-09-25T21:11:52","slug":"about-us","status":"publish","type":"page","link":"https:\/\/coolbambu.com\/en\/about-us\/","title":{"rendered":"Nosotros"},"content":{"rendered":"<div class=\"wpb-content-wrapper\"><div data-vc-full-width=\"true\" data-vc-full-width-init=\"false\" data-vc-stretch-content=\"true\" class=\"vc_row wpb_row vc_row-fluid vc_row-no-padding\"><div class=\"bannerClaas wpb_column vc_column_container vc_col-sm-12 sc_layouts_column_icons_position_left\" id=\"bannerId\"><div class=\"vc_column-inner\"><div class=\"wpb_wrapper\"><div class=\"vc_empty_space  vc_custom_1727201399556\"   style=\"height: 2.8em\"><span class=\"vc_empty_space_inner\"><\/span><\/div>\n\t<div  class=\"wpb_single_image wpb_content_element vc_align_left wpb_content_element\">\n\t\t\n\t\t<figure class=\"wpb_wrapper vc_figure\">\n\t\t\t<div class=\"vc_single_image-wrapper   vc_box_border_grey\"><img loading=\"lazy\" decoding=\"async\" width=\"1920\" height=\"430\" src=\"https:\/\/coolbambu.com\/wp-content\/uploads\/2024\/09\/banner-nosotros.png\" class=\"vc_single_image-img attachment-full\" alt=\"\" title=\"banner.cool.NOSOTROS\" srcset=\"https:\/\/coolbambu.com\/wp-content\/uploads\/2024\/09\/banner-nosotros.png 1920w, https:\/\/coolbambu.com\/wp-content\/uploads\/2024\/09\/banner-nosotros-300x67.png 300w, https:\/\/coolbambu.com\/wp-content\/uploads\/2024\/09\/banner-nosotros-1024x229.png 1024w, https:\/\/coolbambu.com\/wp-content\/uploads\/2024\/09\/banner-nosotros-768x172.png 768w, https:\/\/coolbambu.com\/wp-content\/uploads\/2024\/09\/banner-nosotros-1536x344.png 1536w, https:\/\/coolbambu.com\/wp-content\/uploads\/2024\/09\/banner-nosotros-18x4.png 18w, https:\/\/coolbambu.com\/wp-content\/uploads\/2024\/09\/banner-nosotros-370x83.png 370w, https:\/\/coolbambu.com\/wp-content\/uploads\/2024\/09\/banner-nosotros-760x170.png 760w, https:\/\/coolbambu.com\/wp-content\/uploads\/2024\/09\/banner-nosotros-600x134.png 600w\" sizes=\"auto, (max-width: 1920px) 100vw, 1920px\" \/><\/div>\n\t\t<\/figure>\n\t<\/div>\n<\/div><\/div><\/div><\/div><div class=\"vc_row-full-width vc_clearfix\"><\/div><div class=\"vc_row wpb_row vc_row-fluid\"><div class=\"wpb_column vc_column_container vc_col-sm-12 vc_hidden-xs sc_layouts_column_icons_position_left\"><div class=\"vc_column-inner\"><div class=\"wpb_wrapper\"><div class=\"vc_empty_space\"   style=\"height: 2.8em\"><span class=\"vc_empty_space_inner\"><\/span><\/div><\/div><\/div><\/div><\/div><div class=\"vc_row wpb_row vc_row-fluid vc_custom_1725058738072 vc_rtl-columns-reverse vc_row-o-content-middle vc_row-flex\"><div class=\"wpb_column vc_column_container vc_col-sm-6 sc_layouts_column_icons_position_left\"><div class=\"vc_column-inner\"><div class=\"wpb_wrapper\">\n\t<div  class=\"wpb_single_image wpb_content_element vc_align_center wpb_content_element\">\n\t\t\n\t\t<figure class=\"wpb_wrapper vc_figure\">\n\t\t\t<div class=\"vc_single_image-wrapper   vc_box_border_grey\"><img loading=\"lazy\" decoding=\"async\" width=\"1800\" height=\"996\" src=\"https:\/\/coolbambu.com\/wp-content\/uploads\/2024\/08\/Mask-group@2x.png\" class=\"vc_single_image-img attachment-full\" alt=\"\" title=\"Mask group@2x\" srcset=\"https:\/\/coolbambu.com\/wp-content\/uploads\/2024\/08\/Mask-group@2x.png 1800w, https:\/\/coolbambu.com\/wp-content\/uploads\/2024\/08\/Mask-group@2x-600x332.png 600w, https:\/\/coolbambu.com\/wp-content\/uploads\/2024\/08\/Mask-group@2x-300x166.png 300w, https:\/\/coolbambu.com\/wp-content\/uploads\/2024\/08\/Mask-group@2x-1024x567.png 1024w, https:\/\/coolbambu.com\/wp-content\/uploads\/2024\/08\/Mask-group@2x-768x425.png 768w, https:\/\/coolbambu.com\/wp-content\/uploads\/2024\/08\/Mask-group@2x-1536x850.png 1536w, https:\/\/coolbambu.com\/wp-content\/uploads\/2024\/08\/Mask-group@2x-370x205.png 370w, https:\/\/coolbambu.com\/wp-content\/uploads\/2024\/08\/Mask-group@2x-760x421.png 760w\" sizes=\"auto, (max-width: 1800px) 100vw, 1800px\" \/><\/div>\n\t\t<\/figure>\n\t<\/div>\n<\/div><\/div><\/div><div class=\"wpb_column vc_column_container vc_col-sm-6 sc_layouts_column_icons_position_left\"><div class=\"vc_column-inner vc_custom_1725058766490\"><div class=\"wpb_wrapper\"><div class=\"vc_empty_space  hide_on_mobile hide_on_notebook hide_on_tablet\"   style=\"height: 4.4em\"><span class=\"vc_empty_space_inner\"><\/span><\/div>\n\t<div class=\"wpb_text_column wpb_content_element\" >\n\t\t<div class=\"wpb_wrapper\">\n\t\t\t<h2 style=\"color: #008d36; line-height: 0.1; text-align: left;\">Objetive<\/h2>\n<h3 style=\"text-align: left;\">Our Mission<\/h3>\n\n\t\t<\/div>\n\t<\/div>\n<div class=\"vc_empty_space  hide_on_mobile hide_on_notebook hide_on_tablet\"   style=\"height: 2.4em\"><span class=\"vc_empty_space_inner\"><\/span><\/div>\n\t<div class=\"wpb_text_column wpb_content_element\" >\n\t\t<div class=\"wpb_wrapper\">\n\t\t\t<p>Develop quality products that are eco-friendly, that meet the function and expectations of users, reducing the ecological footprint that they generate at the end of their useful life.<\/p>\n\n\t\t<\/div>\n\t<\/div>\n<\/div><\/div><\/div><\/div><div class=\"vc_row wpb_row vc_row-fluid\"><div class=\"wpb_column vc_column_container vc_col-sm-12 sc_layouts_column_icons_position_left\"><div class=\"vc_column-inner\"><div class=\"wpb_wrapper\"><div class=\"vc_empty_space  hide_on_mobile hide_on_notebook hide_on_tablet\"   style=\"height: 4.4em\"><span class=\"vc_empty_space_inner\"><\/span><\/div><\/div><\/div><\/div><\/div><div class=\"vc_row wpb_row vc_row-fluid vc_rtl-columns-reverse vc_row-o-content-middle vc_row-flex\"><div class=\"wpb_column vc_column_container vc_col-sm-6 vc_hidden-xs sc_layouts_column_icons_position_left\"><div class=\"vc_column-inner\"><div class=\"wpb_wrapper\"><div id=\"sc_content_1131097459\"\n\t\tclass=\"sc_content color_style_default sc_content_default sc_content_width_80p sc_float_right sc_align_right custom_align_left\"><div class=\"sc_content_container\">\n\t<div class=\"wpb_text_column wpb_content_element\" >\n\t\t<div class=\"wpb_wrapper\">\n\t\t\t<h2 style=\"color: #008d36; line-height: 0.1; text-align: left;\">Future<\/h2>\n<h3 style=\"text-align: left;\">Our Vision<\/h3>\n\n\t\t<\/div>\n\t<\/div>\n<div class=\"vc_empty_space\"   style=\"height: 2.5em\"><span class=\"vc_empty_space_inner\"><\/span><\/div>\n\t<div class=\"wpb_text_column wpb_content_element\" >\n\t\t<div class=\"wpb_wrapper\">\n\t\t\t<p style=\"text-align: justify;\">Generate a change in people's consumption habits, making them aware of the negative repercussions that everyday products have on the environment.<\/p>\n\n\t\t<\/div>\n\t<\/div>\n<div class=\"vc_empty_space\"   style=\"height: 2.5em\"><span class=\"vc_empty_space_inner\"><\/span><\/div><\/div><\/div><!-- \/.sc_content --><\/div><\/div><\/div><div class=\"wpb_column vc_column_container vc_col-sm-6 vc_hidden-xs sc_layouts_column_icons_position_left\"><div class=\"vc_column-inner\"><div class=\"wpb_wrapper\">\n\t<div  class=\"wpb_single_image wpb_content_element vc_align_center wpb_content_element\">\n\t\t\n\t\t<figure class=\"wpb_wrapper vc_figure\">\n\t\t\t<div class=\"vc_single_image-wrapper   vc_box_border_grey\"><img loading=\"lazy\" decoding=\"async\" width=\"929\" height=\"492\" src=\"https:\/\/coolbambu.com\/wp-content\/uploads\/2024\/08\/Vision.png\" class=\"vc_single_image-img attachment-full\" alt=\"\" title=\"Vision\" srcset=\"https:\/\/coolbambu.com\/wp-content\/uploads\/2024\/08\/Vision.png 929w, https:\/\/coolbambu.com\/wp-content\/uploads\/2024\/08\/Vision-600x318.png 600w, https:\/\/coolbambu.com\/wp-content\/uploads\/2024\/08\/Vision-300x159.png 300w, https:\/\/coolbambu.com\/wp-content\/uploads\/2024\/08\/Vision-768x407.png 768w, https:\/\/coolbambu.com\/wp-content\/uploads\/2024\/08\/Vision-370x196.png 370w, https:\/\/coolbambu.com\/wp-content\/uploads\/2024\/08\/Vision-760x402.png 760w\" sizes=\"auto, (max-width: 929px) 100vw, 929px\" \/><\/div>\n\t\t<\/figure>\n\t<\/div>\n<div class=\"vc_empty_space\"   style=\"height: 4.4em\"><span class=\"vc_empty_space_inner\"><\/span><\/div><div class=\"vc_empty_space  hide_on_mobile hide_on_notebook hide_on_tablet\"   style=\"height: 4.4em\"><span class=\"vc_empty_space_inner\"><\/span><\/div><\/div><\/div><\/div><\/div><div class=\"vc_row wpb_row vc_row-fluid vc_rtl-columns-reverse vc_row-o-content-middle vc_row-flex\"><div class=\"wpb_column vc_column_container vc_col-sm-6 vc_hidden-lg vc_hidden-md vc_hidden-sm sc_layouts_column_icons_position_left\"><div class=\"vc_column-inner\"><div class=\"wpb_wrapper\"><div class=\"vc_empty_space\"   style=\"height: 4.4em\"><span class=\"vc_empty_space_inner\"><\/span><\/div><div class=\"vc_empty_space  hide_on_mobile hide_on_notebook hide_on_tablet\"   style=\"height: 4.4em\"><span class=\"vc_empty_space_inner\"><\/span><\/div>\n\t<div  class=\"wpb_single_image wpb_content_element vc_align_center wpb_content_element\">\n\t\t\n\t\t<figure class=\"wpb_wrapper vc_figure\">\n\t\t\t<div class=\"vc_single_image-wrapper   vc_box_border_grey\"><img loading=\"lazy\" decoding=\"async\" width=\"929\" height=\"492\" src=\"https:\/\/coolbambu.com\/wp-content\/uploads\/2024\/08\/Vision.png\" class=\"vc_single_image-img attachment-full\" alt=\"\" title=\"Vision\" srcset=\"https:\/\/coolbambu.com\/wp-content\/uploads\/2024\/08\/Vision.png 929w, https:\/\/coolbambu.com\/wp-content\/uploads\/2024\/08\/Vision-600x318.png 600w, https:\/\/coolbambu.com\/wp-content\/uploads\/2024\/08\/Vision-300x159.png 300w, https:\/\/coolbambu.com\/wp-content\/uploads\/2024\/08\/Vision-768x407.png 768w, https:\/\/coolbambu.com\/wp-content\/uploads\/2024\/08\/Vision-370x196.png 370w, https:\/\/coolbambu.com\/wp-content\/uploads\/2024\/08\/Vision-760x402.png 760w\" sizes=\"auto, (max-width: 929px) 100vw, 929px\" \/><\/div>\n\t\t<\/figure>\n\t<\/div>\n<\/div><\/div><\/div><div class=\"wpb_column vc_column_container vc_col-sm-6 vc_hidden-lg vc_hidden-md vc_hidden-sm sc_layouts_column_icons_position_left\"><div class=\"vc_column-inner\"><div class=\"wpb_wrapper\"><div class=\"vc_empty_space\"   style=\"height: 2.5em\"><span class=\"vc_empty_space_inner\"><\/span><\/div><div id=\"sc_content_248281508\"\n\t\tclass=\"sc_content color_style_default sc_content_default sc_content_width_80p sc_float_right sc_align_right custom_align_left\"><div class=\"sc_content_container\">\n\t<div class=\"wpb_text_column wpb_content_element\" >\n\t\t<div class=\"wpb_wrapper\">\n\t\t\t<h2 style=\"color: #008d36; line-height: .1;\">Future<\/h2>\n<h3>Our Vision<\/h3>\n\n\t\t<\/div>\n\t<\/div>\n\n\t<div class=\"wpb_text_column wpb_content_element\" >\n\t\t<div class=\"wpb_wrapper\">\n\t\t\t<p style=\"text-align: justify;\">Generate a change in people's consumption habits, making them aware of the negative repercussions that everyday products have on the environment.<\/p>\n\n\t\t<\/div>\n\t<\/div>\n<div class=\"vc_empty_space\"   style=\"height: 2.5em\"><span class=\"vc_empty_space_inner\"><\/span><\/div><\/div><\/div><!-- \/.sc_content --><\/div><\/div><\/div><\/div><div class=\"vc_row wpb_row vc_row-fluid\"><div class=\"wpb_column vc_column_container vc_col-sm-12 vc_col-lg-6 vc_col-xs-12 sc_layouts_column_icons_position_left\"><div class=\"vc_column-inner\"><div class=\"wpb_wrapper\"><\/div><\/div><\/div><div class=\"wpb_column vc_column_container vc_col-sm-12 vc_col-lg-6 vc_col-xs-12 sc_layouts_column_icons_position_left\"><div class=\"vc_column-inner\"><div class=\"wpb_wrapper\"><\/div><\/div><\/div><\/div><div class=\"vc_row wpb_row vc_row-fluid\"><div class=\"wpb_column vc_column_container vc_col-sm-12 sc_layouts_column_icons_position_left\"><div class=\"vc_column-inner\"><div class=\"wpb_wrapper\"><div class=\"vc_empty_space  height_tiny\"   style=\"height: 32px\"><span class=\"vc_empty_space_inner\"><\/span><\/div><\/div><\/div><\/div><\/div><div class=\"vc_row wpb_row vc_row-fluid\"><div class=\"wpb_column vc_column_container vc_col-sm-12 vc_col-lg-6 vc_col-xs-12 sc_layouts_column_icons_position_left\"><div class=\"vc_column-inner\"><div class=\"wpb_wrapper\"><div class=\"vc_empty_space\"   style=\"height: 0.9em\"><span class=\"vc_empty_space_inner\"><\/span><\/div>\n\t<div  class=\"wpb_single_image wpb_content_element vc_align_center wpb_content_element\">\n\t\t\n\t\t<figure class=\"wpb_wrapper vc_figure\">\n\t\t\t<div class=\"vc_single_image-wrapper   vc_box_border_grey\"><img loading=\"lazy\" decoding=\"async\" width=\"906\" height=\"374\" src=\"https:\/\/coolbambu.com\/wp-content\/uploads\/2024\/08\/image-2-1.png\" class=\"vc_single_image-img attachment-full\" alt=\"\" title=\"image 2\" srcset=\"https:\/\/coolbambu.com\/wp-content\/uploads\/2024\/08\/image-2-1.png 906w, https:\/\/coolbambu.com\/wp-content\/uploads\/2024\/08\/image-2-1-600x248.png 600w, https:\/\/coolbambu.com\/wp-content\/uploads\/2024\/08\/image-2-1-300x124.png 300w, https:\/\/coolbambu.com\/wp-content\/uploads\/2024\/08\/image-2-1-768x317.png 768w, https:\/\/coolbambu.com\/wp-content\/uploads\/2024\/08\/image-2-1-370x153.png 370w, https:\/\/coolbambu.com\/wp-content\/uploads\/2024\/08\/image-2-1-760x314.png 760w\" sizes=\"auto, (max-width: 906px) 100vw, 906px\" \/><\/div>\n\t\t<\/figure>\n\t<\/div>\n<div class=\"vc_empty_space\"   style=\"height: 3.75em\"><span class=\"vc_empty_space_inner\"><\/span><\/div><\/div><\/div><\/div><div class=\"wpb_column vc_column_container vc_col-sm-12 vc_col-lg-6 vc_col-xs-12 sc_layouts_column_icons_position_left\"><div class=\"vc_column-inner\"><div class=\"wpb_wrapper\"><div id=\"sc_content_1970840544\"\n\t\tclass=\"sc_content color_style_default sc_content_default sc_content_width_90p sc_float_left sc_align_left\"><div class=\"sc_content_container\"><div id=\"sc_title_118170892\"\n\t\tclass=\"sc_title color_style_default sc_title_default  vc_custom_1723587492598\"><h3 class=\"sc_item_title sc_title_title sc_align_left sc_item_title_style_default\">Contact us<\/h3><div class=\"sc_item_descr sc_title_descr sc_align_left\"><p>Send us a message<\/p>\n<\/div><\/div><!-- \/.sc_title -->\n<div class=\"wpcf7 no-js\" id=\"wpcf7-f1709-o1\" lang=\"en-US\" dir=\"ltr\">\n<div class=\"screen-reader-response\"><p role=\"status\" aria-live=\"polite\" aria-atomic=\"true\"><\/p> <ul><\/ul><\/div>\n<form action=\"\/en\/wp-json\/wp\/v2\/pages\/2024#wpcf7-f1709-o1\" method=\"post\" class=\"wpcf7-form init\" aria-label=\"Contact form\" novalidate=\"novalidate\" data-status=\"init\" data-trp-original-action=\"\/en\/wp-json\/wp\/v2\/pages\/2024#wpcf7-f1709-o1\">\n<div style=\"display: none;\">\n<input type=\"hidden\" name=\"_wpcf7\" value=\"1709\" \/>\n<input type=\"hidden\" name=\"_wpcf7_version\" value=\"5.9.8\" \/>\n<input type=\"hidden\" name=\"_wpcf7_locale\" value=\"en_US\" \/>\n<input type=\"hidden\" name=\"_wpcf7_unit_tag\" value=\"wpcf7-f1709-o1\" \/>\n<input type=\"hidden\" name=\"_wpcf7_container_post\" value=\"0\" \/>\n<input type=\"hidden\" name=\"_wpcf7_posted_data_hash\" value=\"\" \/>\n<input type=\"hidden\" name=\"_wpcf7_recaptcha_response\" value=\"\" \/>\n<\/div>\n<div class=\"flex\">\n\t<div class='itm row' >\n\t\t<p><span class=\"wpcf7-form-control-wrap\" data-name=\"your-name\"><input size=\"40\" maxlength=\"400\" class=\"wpcf7-form-control wpcf7-text wpcf7-validates-as-required\" aria-required=\"true\" aria-invalid=\"false\" placeholder=\"Your Name*\" value=\"\" type=\"text\" name=\"your-name\" \/><\/span>\n\t\t<\/p>\n\t<\/div>\n\t<div class='itm row'>\n\t\t<p><span class=\"wpcf7-form-control-wrap\" data-name=\"your-email\"><input size=\"40\" maxlength=\"400\" class=\"wpcf7-form-control wpcf7-email wpcf7-validates-as-required wpcf7-text wpcf7-validates-as-email\" aria-required=\"true\" aria-invalid=\"false\" placeholder=\"Your Email*\" value=\"\" type=\"email\" name=\"your-email\" \/><\/span>\n\t\t<\/p>\n\t<\/div>\n<\/div>\n<div class=''>\n\t<p><span class=\"wpcf7-form-control-wrap\" data-name=\"your-message\"><textarea cols=\"40\" rows=\"10\" maxlength=\"2000\" class=\"wpcf7-form-control wpcf7-textarea wpcf7-validates-as-required\" aria-required=\"true\" aria-invalid=\"false\" placeholder=\"Your Message*\" name=\"your-message\"><\/textarea><\/span>\n\t<\/p>\n<\/div>\n<div class=\"sc_form_field sc_form_field_button sc_form_field_submit\">\n\t<p><input class=\"wpcf7-form-control wpcf7-submit has-spinner\" type=\"submit\" value=\"Contact Us\" \/>\n\t<\/p>\n<\/div><div class=\"wpcf7-response-output\" aria-hidden=\"true\"><\/div>\n<input type=\"hidden\" name=\"trp-form-language\" value=\"en\"\/><\/form>\n<\/div>\n<div class=\"vc_empty_space\"   style=\"height: 2.5em\"><span class=\"vc_empty_space_inner\"><\/span><\/div><\/div><\/div><!-- \/.sc_content --><\/div><\/div><\/div><\/div><div class=\"vc_row wpb_row vc_row-fluid\"><div class=\"wpb_column vc_column_container vc_col-sm-12 sc_layouts_column_icons_position_left\"><div class=\"vc_column-inner\"><div class=\"wpb_wrapper\"><\/div><\/div><\/div><\/div><div class=\"vc_row wpb_row vc_row-fluid\"><div class=\"wpb_column vc_column_container vc_col-sm-12 sc_layouts_column_icons_position_left\"><div class=\"vc_column-inner\"><div class=\"wpb_wrapper\"><div class=\"vc_empty_space\"   style=\"height: 4.35em\"><span class=\"vc_empty_space_inner\"><\/span><\/div><\/div><\/div><\/div><\/div><div class=\"vc_row wpb_row vc_row-fluid\"><div class=\"wpb_column vc_column_container vc_col-sm-12 sc_layouts_column_icons_position_left\"><div class=\"vc_column-inner\"><div class=\"wpb_wrapper\"><div class=\"vc_empty_space\"   style=\"height: 4.35em\"><span class=\"vc_empty_space_inner\"><\/span><\/div><\/div><\/div><\/div><\/div>\n<\/div>","protected":false},"excerpt":{"rendered":"Objetivo Nuestra Misi\u00f3n Desarrollar productos de calidad, que sean eco-friendly, que cumplan con la funci\u00f3n y expectativa de los usuarios, reduciendo la huella ecol\u00f3gica que estos generan al finalizar su vida \u00fatil. Futuro Nuestra Visi\u00f3n Generar un cambio en los h\u00e1bitos de consumo de las personas, haci\u00e9ndolos consientes de las repercusiones negativas que tienen los productos de uso diario en&hellip;","protected":false},"author":1,"featured_media":0,"parent":0,"menu_order":0,"comment_status":"closed","ping_status":"closed","template":"","meta":{"_acf_changed":false,"footnotes":""},"class_list":["post-2024","page","type-page","status-publish","hentry"],"acf":[],"_links":{"self":[{"href":"https:\/\/coolbambu.com\/en\/wp-json\/wp\/v2\/pages\/2024","targetHints":{"allow":["GET"]}}],"collection":[{"href":"https:\/\/coolbambu.com\/en\/wp-json\/wp\/v2\/pages"}],"about":[{"href":"https:\/\/coolbambu.com\/en\/wp-json\/wp\/v2\/types\/page"}],"author":[{"embeddable":true,"href":"https:\/\/coolbambu.com\/en\/wp-json\/wp\/v2\/users\/1"}],"replies":[{"embeddable":true,"href":"https:\/\/coolbambu.com\/en\/wp-json\/wp\/v2\/comments?post=2024"}],"version-history":[{"count":163,"href":"https:\/\/coolbambu.com\/en\/wp-json\/wp\/v2\/pages\/2024\/revisions"}],"predecessor-version":[{"id":3141,"href":"https:\/\/coolbambu.com\/en\/wp-json\/wp\/v2\/pages\/2024\/revisions\/3141"}],"wp:attachment":[{"href":"https:\/\/coolbambu.com\/en\/wp-json\/wp\/v2\/media?parent=2024"}],"curies":[{"name":"wp","href":"https:\/\/api.w.org\/{rel}","templated":true}]}}