{"id":2157,"date":"2024-08-14T22:09:29","date_gmt":"2024-08-14T22:09:29","guid":{"rendered":"https:\/\/dev.coolbambu.com\/?page_id=2157"},"modified":"2024-08-14T22:09:29","modified_gmt":"2024-08-14T22:09:29","slug":"peines-para-cabello","status":"publish","type":"page","link":"https:\/\/coolbambu.com\/en\/peines-para-cabello\/","title":{"rendered":"Peines para cabello"},"content":{"rendered":"<div class=\"wpb-content-wrapper\"><div data-vc-full-width=\"true\" data-vc-full-width-init=\"false\" data-vc-stretch-content=\"true\" class=\"vc_row wpb_row vc_row-fluid vc_row-no-padding\"><div class=\"wpb_column vc_column_container vc_col-sm-12 sc_layouts_column_icons_position_left\"><div class=\"vc_column-inner vc_custom_1723658193626\"><div class=\"wpb_wrapper\"><div class=\"vc_empty_space  height_tiny\"   style=\"height: 3.5em\"><span class=\"vc_empty_space_inner\"><\/span><\/div><div class=\"vc_empty_space  height_tiny\"   style=\"height: 3.5em\"><span class=\"vc_empty_space_inner\"><\/span><\/div><div class=\"vc_empty_space  height_tiny\"   style=\"height: 3.5em\"><span class=\"vc_empty_space_inner\"><\/span><\/div><div class=\"vc_empty_space  height_tiny\"   style=\"height: 3.5em\"><span class=\"vc_empty_space_inner\"><\/span><\/div><div class=\"vc_empty_space  height_tiny\"   style=\"height: 3.5em\"><span class=\"vc_empty_space_inner\"><\/span><\/div>\n<div class=\"vc_grid-container-wrapper vc_clearfix vc_grid-animation-fadeIn\">\n\t<div class=\"vc_grid-container vc_clearfix wpb_content_element vc_media_grid\" data-initial-loading-animation=\"fadeIn\" data-vc-grid-settings=\"{&quot;page_id&quot;:2157,&quot;style&quot;:&quot;all&quot;,&quot;action&quot;:&quot;vc_get_vc_grid_data&quot;,&quot;shortcode_id&quot;:&quot;1723673129794-fd888042-1021-6&quot;,&quot;tag&quot;:&quot;vc_media_grid&quot;}\" data-vc-request=\"https:\/\/coolbambu.com\/wp-admin\/admin-ajax.php\" data-vc-post-id=\"2157\" data-vc-public-nonce=\"1e7b45c747\">\n\t\t\n\t<\/div>\n<\/div><\/div><\/div><\/div><\/div><div class=\"vc_row-full-width vc_clearfix\"><\/div><div class=\"vc_row wpb_row vc_row-fluid\"><div class=\"wpb_column vc_column_container vc_col-sm-12 sc_layouts_column_icons_position_left\"><div class=\"vc_column-inner\"><div class=\"wpb_wrapper\"><div class=\"vc_empty_space  height_tiny\"   style=\"height: 64px\"><span class=\"vc_empty_space_inner\"><\/span><\/div><\/div><\/div><\/div><\/div><div class=\"vc_row wpb_row vc_row-fluid\"><div class=\"wpb_column vc_column_container vc_col-sm-12 vc_col-has-fill sc_layouts_column_icons_position_left\"><div class=\"vc_column-inner vc_custom_1723673162907\"><div class=\"wpb_wrapper\"><div class=\"vc_empty_space  height_tiny\"   style=\"height: 60px\"><span class=\"vc_empty_space_inner\"><\/span><\/div>\n\t<div class=\"wpb_text_column wpb_content_element vc_custom_1723673124865\" >\n\t\t<div class=\"wpb_wrapper\">\n\t\t\t<h2 style=\"font-family: 'Shabrina', sans-serif; font-weight: 400; font-size: 48px; text-align: center; color: white;\">Otros Productos<\/h2>\n<p style=\"text-align: center; color: white;\">El cambio est\u00e1 en ti<\/p>\n\n\t\t<\/div>\n\t<\/div>\n<div class=\"vc_empty_space  height_tiny\"   style=\"height: 25px\"><span class=\"vc_empty_space_inner\"><\/span><\/div><\/div><\/div><\/div><\/div><div data-vc-full-width=\"true\" data-vc-full-width-init=\"false\" data-vc-stretch-content=\"true\" class=\"vc_row wpb_row vc_row-fluid vc_row-no-padding\"><div class=\"wpb_column vc_column_container vc_col-sm-12 sc_layouts_column_icons_position_left\"><div class=\"vc_column-inner vc_custom_1723658193626\"><div class=\"wpb_wrapper\"><div class=\"vc_empty_space  height_tiny\"   style=\"height: 3.5em\"><span class=\"vc_empty_space_inner\"><\/span><\/div><div class=\"vc_empty_space  height_tiny\"   style=\"height: 3.5em\"><span class=\"vc_empty_space_inner\"><\/span><\/div><div class=\"vc_empty_space  height_tiny\"   style=\"height: 3.5em\"><span class=\"vc_empty_space_inner\"><\/span><\/div><div class=\"vc_empty_space  height_tiny\"   style=\"height: 3.5em\"><span class=\"vc_empty_space_inner\"><\/span><\/div><div class=\"vc_empty_space  height_tiny\"   style=\"height: 3.5em\"><span class=\"vc_empty_space_inner\"><\/span><\/div>\n<div class=\"vc_grid-container-wrapper vc_clearfix vc_grid-animation-fadeIn\">\n\t<div class=\"vc_grid-container vc_clearfix wpb_content_element vc_media_grid\" data-initial-loading-animation=\"fadeIn\" data-vc-grid-settings=\"{&quot;page_id&quot;:2157,&quot;style&quot;:&quot;all&quot;,&quot;action&quot;:&quot;vc_get_vc_grid_data&quot;,&quot;shortcode_id&quot;:&quot;1723673129797-ef6df393-af50-6&quot;,&quot;tag&quot;:&quot;vc_media_grid&quot;}\" data-vc-request=\"https:\/\/coolbambu.com\/wp-admin\/admin-ajax.php\" data-vc-post-id=\"2157\" data-vc-public-nonce=\"1e7b45c747\">\n\t\t\n\t<\/div>\n<\/div><div class=\"vc_empty_space\"   style=\"height: 2.2em\"><span class=\"vc_empty_space_inner\"><\/span><\/div><div class=\"vc_empty_space\"   style=\"height: 2.2em\"><span class=\"vc_empty_space_inner\"><\/span><\/div><div class=\"vc_empty_space\"   style=\"height: 2.2em\"><span class=\"vc_empty_space_inner\"><\/span><\/div><\/div><\/div><\/div><\/div><div class=\"vc_row-full-width vc_clearfix\"><\/div><div class=\"vc_row wpb_row vc_row-fluid\"><div class=\"wpb_column vc_column_container vc_col-sm-12 vc_col-lg-6 vc_col-md-12 vc_col-xs-12 sc_layouts_column_icons_position_left\"><div class=\"vc_column-inner\"><div class=\"wpb_wrapper\"><div id=\"sc_content_309897103\"\n\t\tclass=\"sc_content color_style_default sc_content_default sc_content_width_75p sc_float_right sc_align_right custom_align_left\"><div class=\"sc_content_container\"><div id=\"sc_title_1242482605\"\n\t\tclass=\"sc_title color_style_default sc_title_default\"><h6 class=\"sc_item_subtitle sc_title_subtitle sc_align_right sc_item_title_style_default\">Mantente en contacto con nosotros<\/h6><h3 class=\"sc_item_title sc_title_title sc_align_right sc_item_title_style_default\">\u00bfD\u00f3nde nos ubicamos?<\/h3><div class=\"sc_item_descr sc_title_descr sc_align_right\"><p>cont\u00e1ctanos ahora<\/p>\n<\/div><\/div><!-- \/.sc_title --><div class=\"vc_empty_space\"   style=\"height: 2em\"><span class=\"vc_empty_space_inner\"><\/span><\/div><div class=\"vc_row wpb_row vc_inner vc_row-fluid\"><div class=\"custom_align_left wpb_column vc_column_container vc_col-sm-6 vc_col-lg-6 vc_col-xs-12 sc_layouts_column_icons_position_left\"><div class=\"vc_column-inner\"><div class=\"wpb_wrapper\"><div id=\"widget_contacts_1402821887\" class=\"widget_area sc_widget_contacts vc_widget_contacts wpb_content_element\"><aside id=\"widget_contacts_1402821887_widget\" class=\"widget widget_contacts\"><div class=\"contacts_wrap\"><div class=\"contacts_info\"><span class=\"contacts_email\"><b>office@green.com<\/b><br> info@green.com<\/span><\/div><\/div><!-- \/.contacts_wrap --><\/aside><\/div><\/div><\/div><\/div><div class=\"wpb_column vc_column_container vc_col-sm-6 sc_layouts_column_icons_position_left\"><div class=\"vc_column-inner\"><div class=\"wpb_wrapper\"><div id=\"widget_contacts_2129257304\" class=\"widget_area sc_widget_contacts vc_widget_contacts wpb_content_element\"><aside id=\"widget_contacts_2129257304_widget\" class=\"widget widget_contacts\"><div class=\"contacts_wrap\"><div class=\"contacts_info\"><span class=\"contacts_address\"><b>8500 Green Street<\/b><br>Chicago, IL, 55030<\/span><\/div><\/div><!-- \/.contacts_wrap --><\/aside><\/div><div id=\"widget_contacts_801589899\" class=\"widget_area sc_widget_contacts vc_widget_contacts wpb_content_element\"><aside id=\"widget_contacts_801589899_widget\" class=\"widget widget_contacts\"><div class=\"contacts_wrap\"><div class=\"contacts_info\"><span class=\"contacts_phone\"><b>1 (800) 123 45 67<\/b><br>8.00 am - 8.00 pm<\/span><\/div><\/div><!-- \/.contacts_wrap --><\/aside><\/div><\/div><\/div><\/div><\/div><\/div><\/div><!-- \/.sc_content --><\/div><\/div><\/div><div class=\"wpb_column vc_column_container vc_col-sm-12 vc_col-lg-6 vc_col-xs-12 sc_layouts_column_icons_position_left\"><div class=\"vc_column-inner\"><div class=\"wpb_wrapper\"><div id=\"sc_googlemap_392814084_wrap\" class=\"sc_googlemap_wrap\"><div id=\"sc_googlemap_392814084\"\n\t\t\tclass=\"sc_googlemap sc_googlemap_default\"\n\t\t\t style=\"width:100%;height:385px;\"\t\t\tdata-zoom=\"13\"\n\t\t\tdata-style=\"light\"\n\t\t\tdata-cluster-icon=\"\"\n        ><iframe\n                    src=\"https:\/\/maps.google.com\/maps?t=m&output=embed&iwloc=near&z=13&q=25.669160%2C+-100.308453\"\n                    scrolling=\"no\"\n                    marginheight=\"0\"\n                    marginwidth=\"0\"\n                    frameborder=\"0\"\n                    aria-label=\"\"><\/iframe><\/div><\/div><!-- \/.sc_googlemap_wrap --><div class=\"vc_empty_space\"   style=\"height: 2.2em\"><span class=\"vc_empty_space_inner\"><\/span><\/div><\/div><\/div><\/div><\/div><div class=\"vc_row wpb_row vc_row-fluid\"><div class=\"wpb_column vc_column_container vc_col-sm-6 sc_layouts_column_icons_position_left\"><div class=\"vc_column-inner\"><div class=\"wpb_wrapper\"><div class=\"vc_empty_space\"   style=\"height: 2.5em\"><span class=\"vc_empty_space_inner\"><\/span><\/div>\n\t<div  class=\"wpb_single_image wpb_content_element vc_align_center wpb_content_element\">\n\t\t\n\t\t<figure class=\"wpb_wrapper vc_figure\">\n\t\t\t<div class=\"vc_single_image-wrapper   vc_box_border_grey\"><img loading=\"lazy\" decoding=\"async\" width=\"906\" height=\"374\" src=\"https:\/\/coolbambu.com\/wp-content\/uploads\/2024\/08\/Mask-group-7.png\" class=\"vc_single_image-img attachment-full\" alt=\"\" title=\"Mask group\" srcset=\"https:\/\/coolbambu.com\/wp-content\/uploads\/2024\/08\/Mask-group-7.png 906w, https:\/\/coolbambu.com\/wp-content\/uploads\/2024\/08\/Mask-group-7-600x248.png 600w, https:\/\/coolbambu.com\/wp-content\/uploads\/2024\/08\/Mask-group-7-300x124.png 300w, https:\/\/coolbambu.com\/wp-content\/uploads\/2024\/08\/Mask-group-7-768x317.png 768w, https:\/\/coolbambu.com\/wp-content\/uploads\/2024\/08\/Mask-group-7-370x153.png 370w, https:\/\/coolbambu.com\/wp-content\/uploads\/2024\/08\/Mask-group-7-760x314.png 760w\" sizes=\"auto, (max-width: 906px) 100vw, 906px\" \/><\/div>\n\t\t<\/figure>\n\t<\/div>\n<\/div><\/div><\/div><div class=\"wpb_column vc_column_container vc_col-sm-6 sc_layouts_column_icons_position_left\"><div class=\"vc_column-inner\"><div class=\"wpb_wrapper\"><div id=\"sc_content_1825838109\"\n\t\tclass=\"sc_content color_style_default sc_content_default sc_content_width_80p sc_float_left sc_align_left\"><div class=\"sc_content_container\"><div id=\"sc_title_1938326647\"\n\t\tclass=\"sc_title color_style_default sc_title_default\"><h3 class=\"sc_item_title sc_title_title sc_align_left sc_item_title_style_default\">Contact us<\/h3><div class=\"sc_item_descr sc_title_descr sc_align_left\"><p>Send us a message<\/p>\n<\/div><\/div><!-- \/.sc_title -->\n<div class=\"wpcf7 no-js\" id=\"wpcf7-f1709-o1\" lang=\"en-US\" dir=\"ltr\">\n<div class=\"screen-reader-response\"><p role=\"status\" aria-live=\"polite\" aria-atomic=\"true\"><\/p> <ul><\/ul><\/div>\n<form action=\"\/en\/wp-json\/wp\/v2\/pages\/2157#wpcf7-f1709-o1\" method=\"post\" class=\"wpcf7-form init\" aria-label=\"Contact form\" novalidate=\"novalidate\" data-status=\"init\" data-trp-original-action=\"\/en\/wp-json\/wp\/v2\/pages\/2157#wpcf7-f1709-o1\">\n<div style=\"display: none;\">\n<input type=\"hidden\" name=\"_wpcf7\" value=\"1709\" \/>\n<input type=\"hidden\" name=\"_wpcf7_version\" value=\"5.9.8\" \/>\n<input type=\"hidden\" name=\"_wpcf7_locale\" value=\"en_US\" \/>\n<input type=\"hidden\" name=\"_wpcf7_unit_tag\" value=\"wpcf7-f1709-o1\" \/>\n<input type=\"hidden\" name=\"_wpcf7_container_post\" value=\"0\" \/>\n<input type=\"hidden\" name=\"_wpcf7_posted_data_hash\" value=\"\" \/>\n<input type=\"hidden\" name=\"_wpcf7_recaptcha_response\" value=\"\" \/>\n<\/div>\n<div class=\"flex\">\n\t<div class='itm row' >\n\t\t<p><span class=\"wpcf7-form-control-wrap\" data-name=\"your-name\"><input size=\"40\" maxlength=\"400\" class=\"wpcf7-form-control wpcf7-text wpcf7-validates-as-required\" aria-required=\"true\" aria-invalid=\"false\" placeholder=\"Your Name*\" value=\"\" type=\"text\" name=\"your-name\" \/><\/span>\n\t\t<\/p>\n\t<\/div>\n\t<div class='itm row'>\n\t\t<p><span class=\"wpcf7-form-control-wrap\" data-name=\"your-email\"><input size=\"40\" maxlength=\"400\" class=\"wpcf7-form-control wpcf7-email wpcf7-validates-as-required wpcf7-text wpcf7-validates-as-email\" aria-required=\"true\" aria-invalid=\"false\" placeholder=\"Your Email*\" value=\"\" type=\"email\" name=\"your-email\" \/><\/span>\n\t\t<\/p>\n\t<\/div>\n<\/div>\n<div class=''>\n\t<p><span class=\"wpcf7-form-control-wrap\" data-name=\"your-message\"><textarea cols=\"40\" rows=\"10\" maxlength=\"2000\" class=\"wpcf7-form-control wpcf7-textarea wpcf7-validates-as-required\" aria-required=\"true\" aria-invalid=\"false\" placeholder=\"Your Message*\" name=\"your-message\"><\/textarea><\/span>\n\t<\/p>\n<\/div>\n<div class=\"sc_form_field sc_form_field_button sc_form_field_submit\">\n\t<p><input class=\"wpcf7-form-control wpcf7-submit has-spinner\" type=\"submit\" value=\"Contact Us\" \/>\n\t<\/p>\n<\/div><div class=\"wpcf7-response-output\" aria-hidden=\"true\"><\/div>\n<input type=\"hidden\" name=\"trp-form-language\" value=\"en\"\/><\/form>\n<\/div>\n<div class=\"vc_empty_space\"   style=\"height: 2.5em\"><span class=\"vc_empty_space_inner\"><\/span><\/div><\/div><\/div><!-- \/.sc_content --><\/div><\/div><\/div><\/div>\n<\/div>","protected":false},"excerpt":{"rendered":"Otros Productos El cambio est\u00e1 en ti Mantente en contacto con nosotros\u00bfD\u00f3nde nos ubicamos?cont\u00e1ctanos ahora office@green.com info@green.com8500 Green StreetChicago, IL, 550301 (800) 123 45 678.00 am - 8.00 pm Cont\u00e1ctanosenv\u00edanos un mensaje","protected":false},"author":1,"featured_media":0,"parent":0,"menu_order":0,"comment_status":"closed","ping_status":"closed","template":"","meta":{"_acf_changed":false,"footnotes":""},"class_list":["post-2157","page","type-page","status-publish","hentry"],"acf":[],"_links":{"self":[{"href":"https:\/\/coolbambu.com\/en\/wp-json\/wp\/v2\/pages\/2157","targetHints":{"allow":["GET"]}}],"collection":[{"href":"https:\/\/coolbambu.com\/en\/wp-json\/wp\/v2\/pages"}],"about":[{"href":"https:\/\/coolbambu.com\/en\/wp-json\/wp\/v2\/types\/page"}],"author":[{"embeddable":true,"href":"https:\/\/coolbambu.com\/en\/wp-json\/wp\/v2\/users\/1"}],"replies":[{"embeddable":true,"href":"https:\/\/coolbambu.com\/en\/wp-json\/wp\/v2\/comments?post=2157"}],"version-history":[{"count":1,"href":"https:\/\/coolbambu.com\/en\/wp-json\/wp\/v2\/pages\/2157\/revisions"}],"predecessor-version":[{"id":2159,"href":"https:\/\/coolbambu.com\/en\/wp-json\/wp\/v2\/pages\/2157\/revisions\/2159"}],"wp:attachment":[{"href":"https:\/\/coolbambu.com\/en\/wp-json\/wp\/v2\/media?parent=2157"}],"curies":[{"name":"wp","href":"https:\/\/api.w.org\/{rel}","templated":true}]}}