{"id":2252,"date":"2024-08-21T17:22:33","date_gmt":"2024-08-21T17:22:33","guid":{"rendered":"https:\/\/dev.coolbambu.com\/?page_id=2252"},"modified":"2024-09-03T17:53:53","modified_gmt":"2024-09-03T17:53:53","slug":"cool-bambu-pets","status":"publish","type":"page","link":"https:\/\/coolbambu.com\/en\/cool-bambu-pets\/","title":{"rendered":"Cool Bambu Pets"},"content":{"rendered":"<div class=\"wpb-content-wrapper\"><div class=\"vc_row wpb_row vc_row-fluid\"><div class=\"wpb_column vc_column_container vc_col-sm-12 vc_hidden-md vc_hidden-sm vc_hidden-xs sc_layouts_column_icons_position_left\"><div class=\"vc_column-inner vc_custom_1725385878761\"><div class=\"wpb_wrapper\"><div class=\"vc_empty_space  height_tiny\"   style=\"height: 3.5em\"><span class=\"vc_empty_space_inner\"><\/span><\/div><\/div><\/div><\/div><\/div><div class=\"vc_row wpb_row vc_row-fluid\"><div class=\"wpb_column vc_column_container vc_col-sm-12 vc_hidden-lg vc_hidden-xs sc_layouts_column_icons_position_left\"><div class=\"vc_column-inner vc_custom_1725386027267\"><div class=\"wpb_wrapper\"><div class=\"vc_empty_space  height_tiny\"   style=\"height: 3.5em\"><span class=\"vc_empty_space_inner\"><\/span><\/div><\/div><\/div><\/div><\/div><div class=\"vc_row wpb_row vc_row-fluid\"><div class=\"wpb_column vc_column_container vc_col-sm-12 vc_hidden-lg vc_hidden-md vc_hidden-sm sc_layouts_column_icons_position_left\"><div class=\"vc_column-inner vc_custom_1725386032592\"><div class=\"wpb_wrapper\"><div class=\"vc_empty_space  height_tiny\"   style=\"height: 3.5em\"><span class=\"vc_empty_space_inner\"><\/span><\/div><\/div><\/div><\/div><\/div><div class=\"vc_row wpb_row vc_row-fluid\"><div class=\"wpb_column vc_column_container vc_col-sm-12 sc_layouts_column_icons_position_left\"><div class=\"vc_column-inner vc_custom_1725377978763\"><div class=\"wpb_wrapper\">\n\t\t\t<!-- START baby 1 11 1 REVOLUTION SLIDER 6.7.9 --><p class=\"rs-p-wp-fix\"><\/p>\n\t\t\t<rs-module-wrap id=\"rev_slider_15_1_wrapper\" data-source=\"gallery\" style=\"visibility:hidden;background:transparent;padding:0;margin:0px auto;margin-top:0;margin-bottom:0;\">\n\t\t\t\t<rs-module id=\"rev_slider_15_1\" style=\"\" data-version=\"6.7.9\">\n\t\t\t\t\t<rs-slides style=\"overflow: hidden; position: absolute;\">\n\t\t\t\t\t\t<rs-slide style=\"position: absolute;\" data-key=\"rs-19\" data-title=\"Slide\" data-anim=\"ms:300;\" data-in=\"o:0;\" data-out=\"a:false;\">\n\t\t\t\t\t\t\t<img decoding=\"async\" src=\"\/\/coolbambu.com\/wp-content\/plugins\/revslider\/sr6\/assets\/assets\/dummy.png\" alt=\"\" title=\"Banner CB pets\" width=\"1920\" height=\"438\" class=\"rev-slidebg tp-rs-img rs-lazyload\" data-lazyload=\"\/\/dev.coolbambu.com\/wp-content\/uploads\/2024\/09\/Banner-CB-pets.png\" data-no-retina>\n<!--\n\t\t\t\t\t\t\t--><rs-layer\n\t\t\t\t\t\t\t\tid=\"slider-15-slide-19-layer-1\" \n\t\t\t\t\t\t\t\tclass=\"font_family_title\"\n\t\t\t\t\t\t\t\tdata-type=\"text\"\n\t\t\t\t\t\t\t\tdata-color=\"#ffffff\"\n\t\t\t\t\t\t\t\tdata-rsp_ch=\"on\"\n\t\t\t\t\t\t\t\tdata-xy=\"x:c;y:c;yo:-73px;\"\n\t\t\t\t\t\t\t\tdata-text=\"s:72;l:88;ls:0px;a:inherit;\"\n\t\t\t\t\t\t\t\tdata-padding=\"r:3;l:3;\"\n\t\t\t\t\t\t\t\tdata-frame_0=\"o:1;\"\n\t\t\t\t\t\t\t\tdata-frame_0_chars=\"d:10;y:-50px;o:0;\"\n\t\t\t\t\t\t\t\tdata-frame_1=\"e:power4.inOut;sp:600;sR:10;\"\n\t\t\t\t\t\t\t\tdata-frame_1_chars=\"dir:edgetomiddle;d:10;\"\n\t\t\t\t\t\t\t\tdata-frame_999=\"o:0;st:w;sR:6590;\"\n\t\t\t\t\t\t\t\tstyle=\"z-index:6;font-family:'Roboto';\"\n\t\t\t\t\t\t\t> \n\t\t\t\t\t\t\t<\/rs-layer><!--\n-->\t\t\t\t\t<\/rs-slide>\n\t\t\t\t\t<\/rs-slides>\n\t\t\t\t<\/rs-module>\n\t\t\t\t<script>\n\t\t\t\t\tsetREVStartSize({c: 'rev_slider_15_1',rl:[1240,1024,778,480],el:[430],gw:[1920],gh:[430],type:'hero',justify:'',layout:'fullwidth',mh:\"0\"});if (window.RS_MODULES!==undefined && window.RS_MODULES.modules!==undefined && window.RS_MODULES.modules[\"revslider151\"]!==undefined) {window.RS_MODULES.modules[\"revslider151\"].once = false;window.revapi15 = undefined;if (window.RS_MODULES.checkMinimal!==undefined) window.RS_MODULES.checkMinimal()}\n\t\t\t\t<\/script>\n\t\t\t<\/rs-module-wrap>\n\t\t\t<!-- END REVOLUTION SLIDER -->\n<div class=\"vc_empty_space  height_tiny\"   style=\"height: 3.5em\"><span class=\"vc_empty_space_inner\"><\/span><\/div><div class=\"vc_empty_space  height_tiny\"   style=\"height: 3.5em\"><span class=\"vc_empty_space_inner\"><\/span><\/div><\/div><\/div><\/div><\/div><div class=\"vc_row wpb_row vc_row-fluid\"><div class=\"wpb_column vc_column_container vc_col-sm-12 vc_col-has-fill sc_layouts_column_icons_position_left\"><div class=\"vc_column-inner vc_custom_1724281688611\"><div class=\"wpb_wrapper\"><div class=\"vc_empty_space  height_tiny\"   style=\"height: 3.5em\"><span class=\"vc_empty_space_inner\"><\/span><\/div><div class=\"vc_empty_space  height_tiny\"   style=\"height: 3.5em\"><span class=\"vc_empty_space_inner\"><\/span><\/div>\n\t<div class=\"wpb_text_column wpb_content_element\" >\n\t\t<div class=\"wpb_wrapper\">\n\t\t\t<h3 style=\"text-align: center;\">Get to know our Pet Combs and Brushes<\/h3>\n<h4 style=\"text-align: center;\">Commitment to the Well-being of your Pet<\/h4>\n\n\t\t<\/div>\n\t<\/div>\n<div class=\"vc_empty_space  height_tiny\"   style=\"height: 3.5em\"><span class=\"vc_empty_space_inner\"><\/span><\/div><div class=\"vc_empty_space  height_tiny\"   style=\"height: 3.5em\"><span class=\"vc_empty_space_inner\"><\/span><\/div><div class=\"vc_empty_space  height_tiny\"   style=\"height: 3.5em\"><span class=\"vc_empty_space_inner\"><\/span><\/div><\/div><\/div><\/div><div class=\"wpb_column vc_column_container vc_col-sm-12 sc_layouts_column_icons_position_left\"><div class=\"vc_column-inner\"><div class=\"wpb_wrapper\"><div id=\"sc_content_1506194148\"\n\t\tclass=\"sc_content color_style_default sc_content_default sc_content_width_80p sc_float_center\"><div class=\"sc_content_container\"><div class=\"woocommerce columns-4\"><ul class=\"products columns-4\">\n<li class=\"product type-product post-2606 status-publish first instock product_cat-cool-bambu-pets product_cat-peines-y-cepillos-para-mascotas product_cat-uncategorized has-post-thumbnail shipping-taxable product-type-simple\">\n\t<a href=\"https:\/\/coolbambu.com\/en\/product\/cepillo-dual-chico\/\" class=\"woocommerce-LoopProduct-link woocommerce-loop-product__link\"><img loading=\"lazy\" decoding=\"async\" width=\"300\" height=\"300\" src=\"https:\/\/coolbambu.com\/wp-content\/uploads\/2024\/08\/21-300x300.jpg\" class=\"attachment-woocommerce_thumbnail size-woocommerce_thumbnail\" alt=\"\" srcset=\"https:\/\/coolbambu.com\/wp-content\/uploads\/2024\/08\/21-300x300.jpg 300w, https:\/\/coolbambu.com\/wp-content\/uploads\/2024\/08\/21-150x150.jpg 150w, https:\/\/coolbambu.com\/wp-content\/uploads\/2024\/08\/21-768x768.jpg 768w, https:\/\/coolbambu.com\/wp-content\/uploads\/2024\/08\/21-12x12.jpg 12w, https:\/\/coolbambu.com\/wp-content\/uploads\/2024\/08\/21-370x370.jpg 370w, https:\/\/coolbambu.com\/wp-content\/uploads\/2024\/08\/21-90x90.jpg 90w, https:\/\/coolbambu.com\/wp-content\/uploads\/2024\/08\/21-760x760.jpg 760w, https:\/\/coolbambu.com\/wp-content\/uploads\/2024\/08\/21-600x600.jpg 600w, https:\/\/coolbambu.com\/wp-content\/uploads\/2024\/08\/21-100x100.jpg 100w, https:\/\/coolbambu.com\/wp-content\/uploads\/2024\/08\/21.jpg 1000w\" sizes=\"auto, (max-width: 300px) 100vw, 300px\" \/><h2 class=\"woocommerce-loop-product__title\">Cepillo de Bamb\u00fa Dual Chico<\/h2>\n<\/a><a href=\"https:\/\/coolbambu.com\/en\/product\/cepillo-dual-chico\/\" aria-describedby=\"woocommerce_loop_add_to_cart_link_describedby_2606\" data-quantity=\"1\" class=\"button product_type_simple\" data-product_id=\"2606\" data-product_sku=\"\" aria-label=\"Show more\" rel=\"nofollow\" data-no-translation=\"\" data-trp-gettext=\"\" data-no-translation-aria-label=\"\">Show more<\/a><span id=\"woocommerce_loop_add_to_cart_link_describedby_2606\" class=\"screen-reader-text\">\n\t<\/span>\n<\/li>\n<li class=\"product type-product post-2605 status-publish instock product_cat-cool-bambu-pets product_cat-peines-y-cepillos-para-mascotas product_cat-uncategorized has-post-thumbnail shipping-taxable product-type-simple\">\n\t<a href=\"https:\/\/coolbambu.com\/en\/product\/cepillo-dual\/\" class=\"woocommerce-LoopProduct-link woocommerce-loop-product__link\"><img loading=\"lazy\" decoding=\"async\" width=\"300\" height=\"300\" src=\"https:\/\/coolbambu.com\/wp-content\/uploads\/2024\/08\/Cool-bambu-1-1-300x300.jpg\" class=\"attachment-woocommerce_thumbnail size-woocommerce_thumbnail\" alt=\"\" srcset=\"https:\/\/coolbambu.com\/wp-content\/uploads\/2024\/08\/Cool-bambu-1-1-300x300.jpg 300w, https:\/\/coolbambu.com\/wp-content\/uploads\/2024\/08\/Cool-bambu-1-1-150x150.jpg 150w, https:\/\/coolbambu.com\/wp-content\/uploads\/2024\/08\/Cool-bambu-1-1-768x768.jpg 768w, https:\/\/coolbambu.com\/wp-content\/uploads\/2024\/08\/Cool-bambu-1-1-12x12.jpg 12w, https:\/\/coolbambu.com\/wp-content\/uploads\/2024\/08\/Cool-bambu-1-1-370x370.jpg 370w, https:\/\/coolbambu.com\/wp-content\/uploads\/2024\/08\/Cool-bambu-1-1-90x90.jpg 90w, https:\/\/coolbambu.com\/wp-content\/uploads\/2024\/08\/Cool-bambu-1-1-760x760.jpg 760w, https:\/\/coolbambu.com\/wp-content\/uploads\/2024\/08\/Cool-bambu-1-1-600x600.jpg 600w, https:\/\/coolbambu.com\/wp-content\/uploads\/2024\/08\/Cool-bambu-1-1-100x100.jpg 100w, https:\/\/coolbambu.com\/wp-content\/uploads\/2024\/08\/Cool-bambu-1-1.jpg 1000w\" sizes=\"auto, (max-width: 300px) 100vw, 300px\" \/><h2 class=\"woocommerce-loop-product__title\">Cepillo de Bamb\u00fa Dual Grande<\/h2>\n<\/a><a href=\"https:\/\/coolbambu.com\/en\/product\/cepillo-dual\/\" aria-describedby=\"woocommerce_loop_add_to_cart_link_describedby_2605\" data-quantity=\"1\" class=\"button product_type_simple\" data-product_id=\"2605\" data-product_sku=\"\" aria-label=\"Show more\" rel=\"nofollow\" data-no-translation=\"\" data-trp-gettext=\"\" data-no-translation-aria-label=\"\">Show more<\/a><span id=\"woocommerce_loop_add_to_cart_link_describedby_2605\" class=\"screen-reader-text\">\n\t<\/span>\n<\/li>\n<li class=\"product type-product post-2607 status-publish instock product_cat-cool-bambu-pets product_cat-peines-y-cepillos-para-mascotas product_cat-uncategorized has-post-thumbnail shipping-taxable product-type-simple\">\n\t<a href=\"https:\/\/coolbambu.com\/en\/product\/cepillo-quitanudos\/\" class=\"woocommerce-LoopProduct-link woocommerce-loop-product__link\"><img loading=\"lazy\" decoding=\"async\" width=\"300\" height=\"300\" src=\"https:\/\/coolbambu.com\/wp-content\/uploads\/2024\/08\/30-1-300x300.jpg\" class=\"attachment-woocommerce_thumbnail size-woocommerce_thumbnail\" alt=\"\" srcset=\"https:\/\/coolbambu.com\/wp-content\/uploads\/2024\/08\/30-1-300x300.jpg 300w, https:\/\/coolbambu.com\/wp-content\/uploads\/2024\/08\/30-1-150x150.jpg 150w, https:\/\/coolbambu.com\/wp-content\/uploads\/2024\/08\/30-1-768x768.jpg 768w, https:\/\/coolbambu.com\/wp-content\/uploads\/2024\/08\/30-1-12x12.jpg 12w, https:\/\/coolbambu.com\/wp-content\/uploads\/2024\/08\/30-1-370x370.jpg 370w, https:\/\/coolbambu.com\/wp-content\/uploads\/2024\/08\/30-1-90x90.jpg 90w, https:\/\/coolbambu.com\/wp-content\/uploads\/2024\/08\/30-1-760x760.jpg 760w, https:\/\/coolbambu.com\/wp-content\/uploads\/2024\/08\/30-1-600x600.jpg 600w, https:\/\/coolbambu.com\/wp-content\/uploads\/2024\/08\/30-1-100x100.jpg 100w, https:\/\/coolbambu.com\/wp-content\/uploads\/2024\/08\/30-1.jpg 1000w\" sizes=\"auto, (max-width: 300px) 100vw, 300px\" \/><h2 class=\"woocommerce-loop-product__title\">Cepillo de Bamb\u00fa Quitanudos<\/h2>\n<\/a><a href=\"https:\/\/coolbambu.com\/en\/product\/cepillo-quitanudos\/\" aria-describedby=\"woocommerce_loop_add_to_cart_link_describedby_2607\" data-quantity=\"1\" class=\"button product_type_simple\" data-product_id=\"2607\" data-product_sku=\"\" aria-label=\"Show more\" rel=\"nofollow\" data-no-translation=\"\" data-trp-gettext=\"\" data-no-translation-aria-label=\"\">Show more<\/a><span id=\"woocommerce_loop_add_to_cart_link_describedby_2607\" class=\"screen-reader-text\">\n\t<\/span>\n<\/li>\n<li class=\"product type-product post-2604 status-publish last instock product_cat-cool-bambu-pets product_cat-peines-y-cepillos-para-mascotas product_cat-uncategorized has-post-thumbnail shipping-taxable product-type-simple\">\n\t<a href=\"https:\/\/coolbambu.com\/en\/product\/cepillo-quitapelo-cuadrado\/\" class=\"woocommerce-LoopProduct-link woocommerce-loop-product__link\"><img loading=\"lazy\" decoding=\"async\" width=\"300\" height=\"300\" src=\"https:\/\/coolbambu.com\/wp-content\/uploads\/2024\/08\/16-2-300x300.jpg\" class=\"attachment-woocommerce_thumbnail size-woocommerce_thumbnail\" alt=\"\" srcset=\"https:\/\/coolbambu.com\/wp-content\/uploads\/2024\/08\/16-2-300x300.jpg 300w, https:\/\/coolbambu.com\/wp-content\/uploads\/2024\/08\/16-2-150x150.jpg 150w, https:\/\/coolbambu.com\/wp-content\/uploads\/2024\/08\/16-2-768x768.jpg 768w, https:\/\/coolbambu.com\/wp-content\/uploads\/2024\/08\/16-2-12x12.jpg 12w, https:\/\/coolbambu.com\/wp-content\/uploads\/2024\/08\/16-2-370x370.jpg 370w, https:\/\/coolbambu.com\/wp-content\/uploads\/2024\/08\/16-2-90x90.jpg 90w, https:\/\/coolbambu.com\/wp-content\/uploads\/2024\/08\/16-2-760x760.jpg 760w, https:\/\/coolbambu.com\/wp-content\/uploads\/2024\/08\/16-2-600x600.jpg 600w, https:\/\/coolbambu.com\/wp-content\/uploads\/2024\/08\/16-2-100x100.jpg 100w, https:\/\/coolbambu.com\/wp-content\/uploads\/2024\/08\/16-2.jpg 1000w\" sizes=\"auto, (max-width: 300px) 100vw, 300px\" \/><h2 class=\"woocommerce-loop-product__title\">Cepillo de Bamb\u00fa Quitapelo Cuadrado<\/h2>\n<\/a><a href=\"https:\/\/coolbambu.com\/en\/product\/cepillo-quitapelo-cuadrado\/\" aria-describedby=\"woocommerce_loop_add_to_cart_link_describedby_2604\" data-quantity=\"1\" class=\"button product_type_simple\" data-product_id=\"2604\" data-product_sku=\"\" aria-label=\"Show more\" rel=\"nofollow\" data-no-translation=\"\" data-trp-gettext=\"\" data-no-translation-aria-label=\"\">Show more<\/a><span id=\"woocommerce_loop_add_to_cart_link_describedby_2604\" class=\"screen-reader-text\">\n\t<\/span>\n<\/li>\n<li class=\"product type-product post-2603 status-publish first instock product_cat-cool-bambu-pets product_cat-peines-y-cepillos-para-mascotas has-post-thumbnail shipping-taxable product-type-simple\">\n\t<a href=\"https:\/\/coolbambu.com\/en\/product\/cepillo-quitapelo-ovalado\/\" class=\"woocommerce-LoopProduct-link woocommerce-loop-product__link\"><img loading=\"lazy\" decoding=\"async\" width=\"300\" height=\"300\" src=\"https:\/\/coolbambu.com\/wp-content\/uploads\/2024\/08\/7-2-300x300.jpg\" class=\"attachment-woocommerce_thumbnail size-woocommerce_thumbnail\" alt=\"\" srcset=\"https:\/\/coolbambu.com\/wp-content\/uploads\/2024\/08\/7-2-300x300.jpg 300w, https:\/\/coolbambu.com\/wp-content\/uploads\/2024\/08\/7-2-150x150.jpg 150w, https:\/\/coolbambu.com\/wp-content\/uploads\/2024\/08\/7-2-768x768.jpg 768w, https:\/\/coolbambu.com\/wp-content\/uploads\/2024\/08\/7-2-12x12.jpg 12w, https:\/\/coolbambu.com\/wp-content\/uploads\/2024\/08\/7-2-370x370.jpg 370w, https:\/\/coolbambu.com\/wp-content\/uploads\/2024\/08\/7-2-90x90.jpg 90w, https:\/\/coolbambu.com\/wp-content\/uploads\/2024\/08\/7-2-760x760.jpg 760w, https:\/\/coolbambu.com\/wp-content\/uploads\/2024\/08\/7-2-600x600.jpg 600w, https:\/\/coolbambu.com\/wp-content\/uploads\/2024\/08\/7-2-100x100.jpg 100w, https:\/\/coolbambu.com\/wp-content\/uploads\/2024\/08\/7-2.jpg 1000w\" sizes=\"auto, (max-width: 300px) 100vw, 300px\" \/><h2 class=\"woocommerce-loop-product__title\">Cepillo de Bamb\u00fa Quitapelo Ovalado<\/h2>\n<\/a><a href=\"https:\/\/coolbambu.com\/en\/product\/cepillo-quitapelo-ovalado\/\" aria-describedby=\"woocommerce_loop_add_to_cart_link_describedby_2603\" data-quantity=\"1\" class=\"button product_type_simple\" data-product_id=\"2603\" data-product_sku=\"\" aria-label=\"Show more\" rel=\"nofollow\" data-no-translation=\"\" data-trp-gettext=\"\" data-no-translation-aria-label=\"\">Show more<\/a><span id=\"woocommerce_loop_add_to_cart_link_describedby_2603\" class=\"screen-reader-text\">\n\t<\/span>\n<\/li>\n<\/ul>\n<\/div><\/div><\/div><!-- \/.sc_content --><\/div><\/div><\/div><\/div><div class=\"vc_row wpb_row vc_row-fluid\"><div class=\"wpb_column vc_column_container vc_col-sm-12 vc_col-has-fill sc_layouts_column_icons_position_left\"><div class=\"vc_column-inner vc_custom_1724781080824\"><div class=\"wpb_wrapper\"><div class=\"vc_empty_space  height_tiny\"   style=\"height: 60px\"><span class=\"vc_empty_space_inner\"><\/span><\/div>\n\t<div class=\"wpb_text_column wpb_content_element vc_custom_1724781091649\" >\n\t\t<div class=\"wpb_wrapper\">\n\t\t\t<h2 style=\"font-family: 'Shabrina', sans-serif; font-weight: 400; font-size: 78px; text-align: center; color: white;\">Gallery<\/h2>\n\n\t\t<\/div>\n\t<\/div>\n<div class=\"vc_empty_space  height_tiny\"   style=\"height: 25px\"><span class=\"vc_empty_space_inner\"><\/span><\/div><\/div><\/div><\/div><\/div><div data-vc-full-width=\"true\" data-vc-full-width-init=\"false\" data-vc-stretch-content=\"true\" class=\"vc_row wpb_row vc_row-fluid vc_row-no-padding\"><div class=\"wpb_column vc_column_container vc_col-sm-12 sc_layouts_column_icons_position_left\"><div class=\"vc_column-inner vc_custom_1723658193626\"><div class=\"wpb_wrapper\"><div class=\"vc_empty_space  height_tiny\"   style=\"height: 3.5em\"><span class=\"vc_empty_space_inner\"><\/span><\/div><div class=\"vc_empty_space  height_tiny\"   style=\"height: 3.5em\"><span class=\"vc_empty_space_inner\"><\/span><\/div><div class=\"vc_empty_space  height_tiny\"   style=\"height: 3.5em\"><span class=\"vc_empty_space_inner\"><\/span><\/div><div class=\"vc_empty_space  height_tiny\"   style=\"height: 3.5em\"><span class=\"vc_empty_space_inner\"><\/span><\/div><div class=\"vc_empty_space  height_tiny\"   style=\"height: 3.5em\"><span class=\"vc_empty_space_inner\"><\/span><\/div>\n<div class=\"vc_grid-container-wrapper vc_clearfix vc_grid-animation-fadeIn\">\n\t<div class=\"vc_grid-container vc_clearfix wpb_content_element vc_media_grid\" data-initial-loading-animation=\"fadeIn\" data-vc-grid-settings=\"{&quot;page_id&quot;:2252,&quot;style&quot;:&quot;pagination&quot;,&quot;action&quot;:&quot;vc_get_vc_grid_data&quot;,&quot;shortcode_id&quot;:&quot;1725386004158-bf85c17d-ac81-1&quot;,&quot;items_per_page&quot;:&quot;4&quot;,&quot;auto_play&quot;:false,&quot;gap&quot;:2,&quot;speed&quot;:-1000,&quot;loop&quot;:&quot;&quot;,&quot;animation_in&quot;:&quot;&quot;,&quot;animation_out&quot;:&quot;&quot;,&quot;arrows_design&quot;:&quot;none&quot;,&quot;arrows_color&quot;:&quot;blue&quot;,&quot;arrows_position&quot;:&quot;inside&quot;,&quot;paging_design&quot;:&quot;radio_dots&quot;,&quot;paging_color&quot;:&quot;grey&quot;,&quot;tag&quot;:&quot;vc_media_grid&quot;}\" data-vc-request=\"https:\/\/coolbambu.com\/wp-admin\/admin-ajax.php\" data-vc-post-id=\"2252\" data-vc-public-nonce=\"a24d58df5f\">\n\t\t\n\t<\/div>\n<\/div><\/div><\/div><\/div><div class=\"wpb_column vc_column_container vc_col-sm-12 sc_layouts_column_icons_position_left\"><div class=\"vc_column-inner\"><div class=\"wpb_wrapper\"><\/div><\/div><\/div><\/div><div class=\"vc_row-full-width vc_clearfix\"><\/div><div class=\"vc_row wpb_row vc_row-fluid\"><div class=\"wpb_column vc_column_container vc_col-sm-12 sc_layouts_column_icons_position_left\"><div class=\"vc_column-inner\"><div class=\"wpb_wrapper\"><div class=\"vc_empty_space  height_tiny\"   style=\"height: 64px\"><span class=\"vc_empty_space_inner\"><\/span><\/div><\/div><\/div><\/div><\/div><div class=\"vc_row wpb_row vc_row-fluid\"><div class=\"wpb_column vc_column_container vc_col-sm-6 sc_layouts_column_icons_position_left\"><div class=\"vc_column-inner\"><div class=\"wpb_wrapper\"><div class=\"vc_empty_space\"   style=\"height: 2.5em\"><span class=\"vc_empty_space_inner\"><\/span><\/div>\n\t<div  class=\"wpb_single_image wpb_content_element vc_align_center wpb_content_element\">\n\t\t\n\t\t<figure class=\"wpb_wrapper vc_figure\">\n\t\t\t<div class=\"vc_single_image-wrapper   vc_box_border_grey\"><img loading=\"lazy\" decoding=\"async\" width=\"906\" height=\"374\" src=\"https:\/\/coolbambu.com\/wp-content\/uploads\/2024\/08\/Mask-group-7.png\" class=\"vc_single_image-img attachment-full\" alt=\"\" title=\"Mask group\" srcset=\"https:\/\/coolbambu.com\/wp-content\/uploads\/2024\/08\/Mask-group-7.png 906w, https:\/\/coolbambu.com\/wp-content\/uploads\/2024\/08\/Mask-group-7-600x248.png 600w, https:\/\/coolbambu.com\/wp-content\/uploads\/2024\/08\/Mask-group-7-300x124.png 300w, https:\/\/coolbambu.com\/wp-content\/uploads\/2024\/08\/Mask-group-7-768x317.png 768w, https:\/\/coolbambu.com\/wp-content\/uploads\/2024\/08\/Mask-group-7-370x153.png 370w, https:\/\/coolbambu.com\/wp-content\/uploads\/2024\/08\/Mask-group-7-760x314.png 760w\" sizes=\"auto, (max-width: 906px) 100vw, 906px\" \/><\/div>\n\t\t<\/figure>\n\t<\/div>\n<\/div><\/div><\/div><div class=\"wpb_column vc_column_container vc_col-sm-6 sc_layouts_column_icons_position_left\"><div class=\"vc_column-inner\"><div class=\"wpb_wrapper\"><div id=\"sc_content_1004230307\"\n\t\tclass=\"sc_content color_style_default sc_content_default sc_content_width_80p sc_float_left sc_align_left\"><div class=\"sc_content_container\"><div id=\"sc_title_1623806202\"\n\t\tclass=\"sc_title color_style_default sc_title_default\"><h3 class=\"sc_item_title sc_title_title sc_align_left sc_item_title_style_default\">Contact us<\/h3><div class=\"sc_item_descr sc_title_descr sc_align_left\"><p>Send us a message<\/p>\n<\/div><\/div><!-- \/.sc_title -->\n<div class=\"wpcf7 no-js\" id=\"wpcf7-f1709-o1\" lang=\"en-US\" dir=\"ltr\">\n<div class=\"screen-reader-response\"><p role=\"status\" aria-live=\"polite\" aria-atomic=\"true\"><\/p> <ul><\/ul><\/div>\n<form action=\"\/en\/wp-json\/wp\/v2\/pages\/2252#wpcf7-f1709-o1\" method=\"post\" class=\"wpcf7-form init\" aria-label=\"Contact form\" novalidate=\"novalidate\" data-status=\"init\" data-trp-original-action=\"\/en\/wp-json\/wp\/v2\/pages\/2252#wpcf7-f1709-o1\">\n<div style=\"display: none;\">\n<input type=\"hidden\" name=\"_wpcf7\" value=\"1709\" \/>\n<input type=\"hidden\" name=\"_wpcf7_version\" value=\"5.9.8\" \/>\n<input type=\"hidden\" name=\"_wpcf7_locale\" value=\"en_US\" \/>\n<input type=\"hidden\" name=\"_wpcf7_unit_tag\" value=\"wpcf7-f1709-o1\" \/>\n<input type=\"hidden\" name=\"_wpcf7_container_post\" value=\"0\" \/>\n<input type=\"hidden\" name=\"_wpcf7_posted_data_hash\" value=\"\" \/>\n<input type=\"hidden\" name=\"_wpcf7_recaptcha_response\" value=\"\" \/>\n<\/div>\n<div class=\"flex\">\n\t<div class='itm row' >\n\t\t<p><span class=\"wpcf7-form-control-wrap\" data-name=\"your-name\"><input size=\"40\" maxlength=\"400\" class=\"wpcf7-form-control wpcf7-text wpcf7-validates-as-required\" aria-required=\"true\" aria-invalid=\"false\" placeholder=\"Your Name*\" value=\"\" type=\"text\" name=\"your-name\" \/><\/span>\n\t\t<\/p>\n\t<\/div>\n\t<div class='itm row'>\n\t\t<p><span class=\"wpcf7-form-control-wrap\" data-name=\"your-email\"><input size=\"40\" maxlength=\"400\" class=\"wpcf7-form-control wpcf7-email wpcf7-validates-as-required wpcf7-text wpcf7-validates-as-email\" aria-required=\"true\" aria-invalid=\"false\" placeholder=\"Your Email*\" value=\"\" type=\"email\" name=\"your-email\" \/><\/span>\n\t\t<\/p>\n\t<\/div>\n<\/div>\n<div class=''>\n\t<p><span class=\"wpcf7-form-control-wrap\" data-name=\"your-message\"><textarea cols=\"40\" rows=\"10\" maxlength=\"2000\" class=\"wpcf7-form-control wpcf7-textarea wpcf7-validates-as-required\" aria-required=\"true\" aria-invalid=\"false\" placeholder=\"Your Message*\" name=\"your-message\"><\/textarea><\/span>\n\t<\/p>\n<\/div>\n<div class=\"sc_form_field sc_form_field_button sc_form_field_submit\">\n\t<p><input class=\"wpcf7-form-control wpcf7-submit has-spinner\" type=\"submit\" value=\"Contact Us\" \/>\n\t<\/p>\n<\/div><div class=\"wpcf7-response-output\" aria-hidden=\"true\"><\/div>\n<input type=\"hidden\" name=\"trp-form-language\" value=\"en\"\/><\/form>\n<\/div>\n<div class=\"vc_empty_space\"   style=\"height: 2.5em\"><span class=\"vc_empty_space_inner\"><\/span><\/div><\/div><\/div><!-- \/.sc_content --><\/div><\/div><\/div><\/div>\n<\/div>","protected":false},"excerpt":{"rendered":"Conoce Nuestros Peines y Cepillos para Mascotas Compromiso con el Bienestar de tu Mascota Cepillo de Bamb\u00fa Dual Chico Show more Cepillo de Bamb\u00fa Dual Grande Show more Cepillo de Bamb\u00fa Quitanudos Show more Cepillo de Bamb\u00fa Quitapelo Cuadrado Show more Cepillo de Bamb\u00fa Quitapelo Ovalado Show more Galeria Cont\u00e1ctanosenv\u00edanos un mensaje","protected":false},"author":1,"featured_media":0,"parent":0,"menu_order":0,"comment_status":"closed","ping_status":"closed","template":"","meta":{"_acf_changed":false,"footnotes":""},"class_list":["post-2252","page","type-page","status-publish","hentry"],"acf":[],"_links":{"self":[{"href":"https:\/\/coolbambu.com\/en\/wp-json\/wp\/v2\/pages\/2252","targetHints":{"allow":["GET"]}}],"collection":[{"href":"https:\/\/coolbambu.com\/en\/wp-json\/wp\/v2\/pages"}],"about":[{"href":"https:\/\/coolbambu.com\/en\/wp-json\/wp\/v2\/types\/page"}],"author":[{"embeddable":true,"href":"https:\/\/coolbambu.com\/en\/wp-json\/wp\/v2\/users\/1"}],"replies":[{"embeddable":true,"href":"https:\/\/coolbambu.com\/en\/wp-json\/wp\/v2\/comments?post=2252"}],"version-history":[{"count":63,"href":"https:\/\/coolbambu.com\/en\/wp-json\/wp\/v2\/pages\/2252\/revisions"}],"predecessor-version":[{"id":2906,"href":"https:\/\/coolbambu.com\/en\/wp-json\/wp\/v2\/pages\/2252\/revisions\/2906"}],"wp:attachment":[{"href":"https:\/\/coolbambu.com\/en\/wp-json\/wp\/v2\/media?parent=2252"}],"curies":[{"name":"wp","href":"https:\/\/api.w.org\/{rel}","templated":true}]}}